{"id":47,"date":"2014-09-22T20:29:00","date_gmt":"2014-09-22T18:29:00","guid":{"rendered":"http:\/\/www.jewsinbosnia.eu\/bhs\/?page_id=47"},"modified":"2015-01-26T10:03:38","modified_gmt":"2015-01-26T09:03:38","slug":"knjiga","status":"publish","type":"page","link":"http:\/\/www.jewsinbosnia.eu\/bhs\/knjiga\/","title":{"rendered":"Knjiga"},"content":{"rendered":"<p style=\"text-align: justify;\">Jedan od rezultata projekta je i izdavanje knjige na bosanskom i engleskom jeziku.<\/p>\n<p style=\"text-align: justify;\">Knjiga \u0107e biti predstavljena javnosti u prolje\u0107e 2015. godine. Prezentacije knjige bi\u0107e odr\u017eane u sljede\u0107im gradovima: Sarajevo, Be\u010d, Tuzla i Banja Luka.<\/p>\n<p style=\"text-align: justify;\">\n<p style=\"text-align: justify;\">\n<p style=\"text-align: justify;\">\n<p style=\"text-align: justify;\">\n<p style=\"text-align: justify;\">\n<p style=\"text-align: justify;\">\n<p style=\"text-align: justify;\">\n<p style=\"text-align: justify;\">\n<p style=\"text-align: justify;\">\n<p style=\"text-align: justify;\">\n<p style=\"text-align: justify;\">\n<p style=\"text-align: justify;\">\n<p style=\"text-align: justify;\">\n<p style=\"text-align: justify;\">\n<p style=\"text-align: justify;\">\n","protected":false},"excerpt":{"rendered":"<p>Jedan od rezultata projekta je i izdavanje knjige na bosanskom i engleskom jeziku. Knjiga \u0107e biti predstavljena javnosti u prolje\u0107e 2015. godine. Prezentacije knjige bi\u0107e odr\u017eane u sljede\u0107im gradovima: Sarajevo, Be\u010d, Tuzla i Banja Luka.<\/p>\n","protected":false},"author":1,"featured_media":0,"parent":0,"menu_order":0,"comment_status":"open","ping_status":"open","template":"","meta":[],"_links":{"self":[{"href":"http:\/\/www.jewsinbosnia.eu\/bhs\/wp-json\/wp\/v2\/pages\/47"}],"collection":[{"href":"http:\/\/www.jewsinbosnia.eu\/bhs\/wp-json\/wp\/v2\/pages"}],"about":[{"href":"http:\/\/www.jewsinbosnia.eu\/bhs\/wp-json\/wp\/v2\/types\/page"}],"author":[{"embeddable":true,"href":"http:\/\/www.jewsinbosnia.eu\/bhs\/wp-json\/wp\/v2\/users\/1"}],"replies":[{"embeddable":true,"href":"http:\/\/www.jewsinbosnia.eu\/bhs\/wp-json\/wp\/v2\/comments?post=47"}],"version-history":[{"count":6,"href":"http:\/\/www.jewsinbosnia.eu\/bhs\/wp-json\/wp\/v2\/pages\/47\/revisions"}],"predecessor-version":[{"id":125,"href":"http:\/\/www.jewsinbosnia.eu\/bhs\/wp-json\/wp\/v2\/pages\/47\/revisions\/125"}],"wp:attachment":[{"href":"http:\/\/www.jewsinbosnia.eu\/bhs\/wp-json\/wp\/v2\/media?parent=47"}],"curies":[{"name":"wp","href":"https:\/\/api.w.org\/{rel}","templated":true}]}}