{"id":104,"date":"2015-01-03T21:29:11","date_gmt":"2015-01-03T20:29:11","guid":{"rendered":"http:\/\/www.jewsinbosnia.eu\/bhs\/?page_id=104"},"modified":"2015-03-01T10:01:24","modified_gmt":"2015-03-01T09:01:24","slug":"literatura","status":"publish","type":"page","link":"http:\/\/www.jewsinbosnia.eu\/bhs\/literatura\/","title":{"rendered":"Literatura"},"content":{"rendered":"<p><strong>I)\u00a0 Obavezna literatura:<\/strong><\/p>\n<p>Karamehmedovi\u0107 Muhamed i dr., <em>Spomenica 400 godina od dolaska Jevreja u Bosnu i Hercegovinu<\/em>, Sarajevo 1966.<\/p>\n<p>Nezirovi\u0107 Muhamed i dr., <em>Sefarad 92<\/em> (zbornik radova), Sarajevo 1995.<\/p>\n<p>Pinto Avram, <em>Jevreji Sarajeva i Bosne i Hercegovine<\/em>, Sarajevo 1987.<\/p>\n<p>&nbsp;<\/p>\n<p><strong>II)\u00a0 Izbor iz literature:<\/strong><\/p>\n<p>Adeli M. Lisa,<em> Resistance\u00a0to\u00a0the\u00a0persecution\u00a0of ethnic minorities in Croatia and Bosnia during World War II, Edwin Mellen Press,\u00a0Lewiston<\/em>, New York 2009.<\/p>\n<div class=\"gmail_default\">\u200bAga\u010devi\u0107 Rusmir, <i>Snovopri\u010de o Sefardima i A\u0161kenazima travni\u010dkim<\/i>, Zagreb, 2013.<i>\u200b<\/i><\/div>\n<p>Alagi\u0107 Ned\u017emudin, <em>Jevreji u Derventi<\/em>, Derventa 1996.<\/p>\n<p>Albahari Luna, \u201cRo\u0111ena sam u Kladnju\u201c, <em>Jevrejski pregled<\/em>, Sarajevo 1982.<\/p>\n<p>Antoni\u0107 Zdravko i dr., <em>1941. godina u istoriji naroda Bosne i Hercegovine<\/em>, Sarajevo 1973.<\/p>\n<p>Benz Wolfgang, <em>Dimension des V\u00f6lkermords \u2013 die Zahl der j\u00fcdischen Opfer des Nationalsozialismus<\/em>, Munchen 1996.<\/p>\n<p>Besarovi\u0107-D\u017eini\u0107 Vojka,\u201cSarajevsko pjeva\u010dko dru\u0161tvo \u2018Lira\u2019\u201c, <em>Historijska traganja<\/em>, br. 2, Sarajevo 2008, str. 93-117.<\/p>\n<p>Boston Sulejman, Cipek Tihomir i Milosavljevi\u0107 Olivera, <em> Kultura sje\u0107anja: 1941. \u2013 povijesni lomovi i svladavanje pro\u0161losti<\/em>, Zagreb 2008.<\/p>\n<p>Brooks Geraldine, <em>Ljudi knjige<\/em>, Sarajevo 2009.<\/p>\n<p>Danon I. Cadik Braco, <em>Sase\u010deno stablo Danonovih<\/em>, Beograd 2000.<\/p>\n<p>Danon Jakov, Sto\u0161i\u0107 Verica, <em>Memoari na holokaust Jevreja Bosanske krajine<\/em>, Banja Luka 2010.<\/p>\n<div>Danon Jakov, Sto\u0161i\u0107 M. Verica, Hronika Jevrejske op\u0161tine Banja Luka, Banja Luka 2007.<\/div>\n<p>Dedijer Vladimir, <em>Vatikan i Jasenovac- dokumenti<\/em>, Beograd 1987.<\/p>\n<p>Dragi\u0107 \u017deljko, <em>Das Verh\u00e4ltnis der serbisch-orthodoxen Kirche zum Judentum im 20. Jahrhundert<\/em> (doktorska disertacija), Wien 2012.<\/p>\n<p>Efendi\u0107 Nirha,<em>\u201c<\/em>Pogled na sefardsku romansu u Bosni i Hercegovini\u201c , <em>Narodna umjetnost-hrvatski \u010dasopis za etnologiju i folkloristiku<\/em>, Vol. 47, No.2, Zagreb 2010.<\/p>\n<p>Finci Moni, \u201cJevreji Bosne i Hercegovine\u201c u: <em>Vjerske zajednice i politi\u010dka zbivanja u Bosni Hercegovini od austro-ugarske okupacije 1878. do 1945. godine<\/em>, Sarajevo 1978.<\/p>\n<p>Friedman S. Jonathan, <em>The Routledge History of the Holocaust<\/em>, London 2012.<\/p>\n<p>Gaon Aleksandar (urednik), <em> Mi smo pre\u017eiveli \u2013 Jevreji o holokaustu<\/em>, tom I-V, Beograd 2009.<\/p>\n<p>Gotovac Vedrana, <em>Sinagoge u Bosni i Hercegovini<\/em>, Sarajevo 1987.<\/p>\n<p>Greble Emily, <em>Sarajevo 1941-1945: Muslims, Christians and Jews in Hitler\u2019s Europe<\/em>, New York 2011.<\/p>\n<p>Guden \u017divko, <em>Pera\u010di crnih ko\u0161ulja<\/em>, Zagreb 2011.<\/p>\n<p>Hamzi\u0107 Omer, \u201cProgoni i stradanja Jevreja u Gra\u010danici tokom Drugog svjetskog rata\u201c, <em>Ba\u0161tina sjeveroisto\u010dne Bosne<\/em>, br. 2, Tuzla 2009.<\/p>\n<p>Hujdur Amira, Bileti\u0107 Sandra, <em>Pisma Hajimu Altarcu iz koncentracijskih logora<\/em>, Sarajevo 2010.<\/p>\n<p>Had\u017eibegovi\u0107 Iljas, <em>Bosanskohercegova\u010dki gradovi na razme\u0111u 19. i 20. stolje\u0107a<\/em>, Sarajevo 2004.<\/p>\n<p>Imamovi\u0107 Enver i dr., <em>Bosna i Hercegovina od najstarijih vremena do kraja Drugog svjetskog rata<\/em>, Sarajevo 1998.<\/p>\n<p>Imamovi\u0107 Enver, <em>O Sarajevskoj hagadi<\/em>, Sarajevo 2009.<\/p>\n<p>Ivankovi\u0107 Mladenka, <em>Jevreji u Jugoslaviji (1944.-1952.)<\/em>, Beograd 2009.<\/p>\n<p>Goldstein Ivo i dr., <em>Antisemitizam, holokaust, antifa\u0161izam<\/em> (zbornik radova), Zagreb 1996.<\/p>\n<p>Jeli\u0107-Buti\u0107 Fikreta, <em>Usta\u0161e i Nezavisna dr\u017eava Hrvatska 1941-1945<\/em>, Zagreb 1977.<\/p>\n<p>Kereny Emil, <em>Jewish Citizens of socialist Yugoslavia: politics of Jewish identity in a socialist state, <\/em>University of Michigan 2008.<\/p>\n<p>Konforti Jozef, <em>Travni\u010dki Jevreji<\/em>, Sarajevo 1976.<\/p>\n<p>Korb Alexander, <em>Im Schatten des Weltkrieges. Massengewalt der Usta<\/em><em>\u0161<\/em><em>a gegen Serben, Juden und Roma in Kroatien 1941-45, <\/em>Hamburg 2013.<\/p>\n<p>Kosti\u0107 M. Laza, <em>Verski odnosi Bosne i Hercegovine<\/em>, Minhen 1965.<\/p>\n<p>Ko\u017eemjakin Boris, <em> Jevrejska zajednica Bosne i Hercegovine<\/em>, Sarajevo (sine anno)<\/p>\n<p>Kreso Muhamed, <em>Nacisti\u010dko \u201ekona\u010dno rje\u0161enje\u201c jevrejskog pitanja u okupiranim zemljama Zapadnog Balkana od 1941. do 1945. godine, <\/em> Sarajevo 2007.<\/p>\n<p>Kru\u0161evac Todor, <em>Bosanskohercegova\u010dki listovi u XIX veku, <\/em> Sarajevo 1978.<\/p>\n<p>Kamberovi\u0107 Husnija, <em>Mehmed Spaho (1883-1939). Politi\u010dka biografija<\/em>, Sarajevo 2009.<\/p>\n<p>Lebl \u017deni, <em>Do \u201c kona\u010dnog rje\u0161enja\u201c \u2013 Jevreji u Beogradu 1521.-1942.<\/em>, Beograd 2001.<\/p>\n<p>Levy Moritz, <em>Sefardi u Bosni<\/em>, Sarajevo 1996.<\/p>\n<p>Malcolm Noel, <em>Povijest Bosne \u2013 kratki pregled<\/em>, Sarajevo 1995.<\/p>\n<p>Matkovi\u0107 Hrvoje, <em>Povijest Jugoslavije<\/em>, Zagreb 1998.<\/p>\n<p>Matkovi\u0107 Hrvoje, <em>Povijest Nezavisne dr\u017eave Hrvatske<\/em>, Zagreb 2002.<\/p>\n<p>Mileti\u0107 Antun, <em>Koncentracijski logor Jasenovac<\/em>, Beograd 1986.<\/p>\n<p>Mitar Papi\u0107, <em>\u0160kolstvo u Bosni i Hercegovini za vrijeme austro-ugarske okupacije (1878.-1918.)<\/em>, Sarajevo 1972.<\/p>\n<p>Mujbegovi\u0107 Vera, <em>Tuzla moje mladosti<\/em>, Beograd 2008.<\/p>\n<p>Muratovi\u0107 Rasim, <em> Holokaust nad Jevrejima i genocid nad Bo\u0161njacima<\/em>, Sarajevo 2007.<\/p>\n<p>Ne\u0107ak Aleksandar i drugi, <em>Znameniti Jevreji Srbije<\/em>, Beograd 2011.<\/p>\n<p>Nezirovi\u0107 Muhamed, <em> Jevrejsko-\u0161panjolska knji\u017eevnost u Bosni i Hercegovini<\/em>, Sarajevo 1992.<\/p>\n<p>Nissim Gabriele, <em>Tribunal o dobrim ljudima u vremenu zla: <\/em><em>pri\u010da o Mo\u0161i Bejskom koji je stvorio Park pravednika<\/em><em>, <\/em>Sarajevo 2007.<\/p>\n<p>Osti Josip, <em>Jevreji u Sarajevu i Bosni<\/em>, Ljubljana 1993.<\/p>\n<p>Papo Bohoreta Laura, <em>Sefardska \u017eena u Bosni (rukopis iz 1931. god.)<\/em>, Sarajevo 2005.<\/p>\n<p>Papo Eliezer, <em>Sarajevska megila<\/em>, Beograd 2001.<\/p>\n<p>Papo Eliezer,\u201cPri\u010de iz \u017eivota sarajevskih Sefarda\u201c, <em>Behar \u2013 \u010dasopis za kulturna i dru\u0161tvena pitanja<\/em>, br. 89, Zagreb 2013.<\/p>\n<p>Popovi\u0107 Neboj\u0161a, <em>Jevreji u Srbiji 1918.-1941<\/em>., Beograd 1997.<\/p>\n<p>Radoni\u0107 Ljiljana,\u201cUniverzalizacija holokausta na primjeru hrvatske politike pro\u0161losti i spomen-podru\u010dja Jasenovac\u201c, <em>Suvremene teme<\/em>, god. 3, br. 1, Zagreb 2010, str. 53-62.<\/p>\n<p>Red\u017ei\u0107 Enver, <em>Historijski pogledi na vjerske i nacionalne odnose u Bosni i Hercegovini<\/em>, Sarajevo 1993.<\/p>\n<p>Red\u017ei\u0107 Enver, <em>Bosna i Hercegovina u Drugom svjetskom ratu<\/em>, Sarajevo 1998.<\/p>\n<p>Romano Ja\u0161a, <em>Jevreji Jugoslavije 1941.-1945. \u017drtve genocida i u\u010desnici Narodnooslobodila\u010dkog rata<\/em>, Beograd 1980.<\/p>\n<p>Sari\u0107 Samija, <em>Jevrejska kulturna i druga dru\u0161tva u Bosni i Hercegovini 1885-1945 (regesta), <\/em>Sarajevo 1995.<\/p>\n<p>Schwartz Stephen, <em>Sarajevska ru\u017ea \u2013 bilje\u0161ke o Jevrejima na Balkanu , <\/em>Sarajevo 2006.<\/p>\n<p>Sindik Du\u0161an (urednik), <em>Se\u0107anja Jevreja na logor Jasenovac, <\/em>Beograd 1972.<\/p>\n<p>\u0160vob Melita, <em>\u017didovi u Hrvatskoj<\/em>, tom I i II, Zagreb 2004.<\/p>\n<p>Tadi\u0107 Jorjo, <em>Jevreji u Dubrovniku do druge polovine XVII stolje\u0107a<\/em>, Sarajevo 1937.<\/p>\n<p>Tauber Eli, <em>Kad su kom\u0161ije bili ljudi<\/em>, Sarajevo 2008.<\/p>\n<p>Tauber Eli, <em>Jevrejska \u0161tampa u Bosni i Hercegovini 1900-2011<\/em>, Sarajevo 2011.<\/p>\n<p>Tauber Eli,\u201cJevreji kao nerazdvojni dio razvoja privrede i kulture u Bosni i Hercegovini\u201c, <em>Diskursi<\/em>, br. 1, Sarajevo 2011, str. 233-249.<\/p>\n<p>Tauber Eli, <em>Kako se sprovodio holokaust u Bosni i Hercegovini<\/em>, Sarajevo 2012. (doktorska disertacija).<\/p>\n<p>Tauber Eli, Ga\u0161i\u0107 Milena, <em>Jevrejska prezimena u arhivskim dokumentima Bosne i Hercegovine<\/em>, Sarajevo 2013.<\/p>\n<p>Trifkovi\u0107 Dragi\u0161a, <em>Tuzlanski vremeplov<\/em>, I-V, Tuzla 1997.<\/p>\n<p>Vidakovi\u0107-Petrov Krinka, <em>Kultura \u0161panskih Jevreja na jugoslovenskom tlu<\/em>, Sarajevo 1990.<\/p>\n<p>Vojnoistorijski institut, <em>Zlo\u010dini na jugoslovenskim prostorima u Prvom i Drugom svjetskom ratu \u2013 zbornik dokumenata<\/em>, tom 1, knjiga 1: Zlo\u010dini Nezavisne Dr\u017eave Hrvatske<em>, <\/em>Beograd 1993.<\/p>\n","protected":false},"excerpt":{"rendered":"<p>I)\u00a0 Obavezna literatura: Karamehmedovi\u0107 Muhamed i dr., Spomenica 400 godina od dolaska Jevreja u Bosnu i Hercegovinu, Sarajevo 1966. Nezirovi\u0107 Muhamed i dr., Sefarad 92 (zbornik radova), Sarajevo 1995. Pinto Avram, Jevreji Sarajeva i Bosne i Hercegovine, Sarajevo 1987. &nbsp; II)\u00a0 Izbor iz literature: Adeli M. Lisa, Resistance\u00a0to\u00a0the\u00a0persecution\u00a0of ethnic minorities in Croatia and Bosnia during [&hellip;]<\/p>\n","protected":false},"author":1,"featured_media":0,"parent":0,"menu_order":0,"comment_status":"open","ping_status":"open","template":"","meta":[],"_links":{"self":[{"href":"http:\/\/www.jewsinbosnia.eu\/bhs\/wp-json\/wp\/v2\/pages\/104"}],"collection":[{"href":"http:\/\/www.jewsinbosnia.eu\/bhs\/wp-json\/wp\/v2\/pages"}],"about":[{"href":"http:\/\/www.jewsinbosnia.eu\/bhs\/wp-json\/wp\/v2\/types\/page"}],"author":[{"embeddable":true,"href":"http:\/\/www.jewsinbosnia.eu\/bhs\/wp-json\/wp\/v2\/users\/1"}],"replies":[{"embeddable":true,"href":"http:\/\/www.jewsinbosnia.eu\/bhs\/wp-json\/wp\/v2\/comments?post=104"}],"version-history":[{"count":4,"href":"http:\/\/www.jewsinbosnia.eu\/bhs\/wp-json\/wp\/v2\/pages\/104\/revisions"}],"predecessor-version":[{"id":165,"href":"http:\/\/www.jewsinbosnia.eu\/bhs\/wp-json\/wp\/v2\/pages\/104\/revisions\/165"}],"wp:attachment":[{"href":"http:\/\/www.jewsinbosnia.eu\/bhs\/wp-json\/wp\/v2\/media?parent=104"}],"curies":[{"name":"wp","href":"https:\/\/api.w.org\/{rel}","templated":true}]}}