{"id":101,"date":"2015-01-03T21:26:13","date_gmt":"2015-01-03T20:26:13","guid":{"rendered":"http:\/\/www.jewsinbosnia.eu\/bhs\/?page_id=101"},"modified":"2015-07-29T16:06:15","modified_gmt":"2015-07-29T14:06:15","slug":"mediji","status":"publish","type":"page","link":"http:\/\/www.jewsinbosnia.eu\/bhs\/mediji\/","title":{"rendered":"Mediji"},"content":{"rendered":"<p>&nbsp;<\/p>\n<h2 style=\"text-align: center;\"><strong>Novine<\/strong><\/h2>\n<p><strong>Oslobo\u0111enje\u00a0<\/strong><\/p>\n<p><strong>&#8211;\u00a0<\/strong><\/p>\n<p>Tajna sarajevskog dimnjaka (3.10.2014.):<\/p>\n<p><a href=\"http:\/\/www.oslobodjenje.ba\/pogledi\/tajna-sarajevskog-dimnjaka\">http:\/\/www.oslobodjenje.ba\/pogledi\/tajna-sarajevskog-dimnjaka<\/a><\/p>\n<p>&nbsp;<\/p>\n<p>Oslobo\u0111enje i FENA (Federal newspaper agency) (19.3.2015):<\/p>\n<p><a href=\"http:\/\/www.oslobodjenje.ba\/kun\/otvorena-izlozba-izgubljeno-u-holokaustu-jevrejski-komsiluk-u-bih\">http:\/\/www.oslobodjenje.ba\/kun\/otvorena-izlozba-izgubljeno-u-holokaustu-jevrejski-komsiluk-u-bih<\/a><\/p>\n<p><strong>\u00a0<\/strong><\/p>\n<p><strong>&#8211;<\/strong><\/p>\n<p>&nbsp;<\/p>\n<p>Edina, Kamenica \u201cJevreji u BiH i holokaust: Zanko Gaon nije do\u010dekao vijest iz Sarajeva, njegov sin Michael jeste\u201d (30.3.2015):<\/p>\n<p><a href=\"http:\/\/www.oslobodjenje.ba\/pogledi\/jevreji-u-bih-i-holokaust-zanko-gaon-nije-docekao-vijest-iz-sarajeva-njegov-sin-michael-jeste\">http:\/\/www.oslobodjenje.ba\/pogledi\/jevreji-u-bih-i-holokaust-zanko-gaon-nije-docekao-vijest-iz-sarajeva-njegov-sin-michael-jeste<\/a><\/p>\n<p>&nbsp;<\/p>\n<p>Edina, Kamenica \u201cTragovima na\u0161ih kom\u0161ija&#8230; odlazi u svijet: Anisa i Rifet, nova &#8216;generacija sje\u0107anja&#8217;\u201d(22.7. 2015.):<\/p>\n<p><a href=\"http:\/\/www.oslobodjenje.ba\/vijesti\/bih\/tragovima-nasih-komsija-odlazi-u-svijet-anisa-i-rifet-nova-generacija-sjecanja\">http:\/\/www.oslobodjenje.ba\/vijesti\/bih\/tragovima-nasih-komsija-odlazi-u-svijet-anisa-i-rifet-nova-generacija-sjecanja<\/a><\/p>\n<p>&nbsp;<\/p>\n<p><strong>&#8211;<\/strong><\/p>\n<p>&nbsp;<\/p>\n<p><strong>Glas Srpske<\/strong><\/p>\n<p>\u201cObogatiti gra\u0111u o istoriji Jevreja\u201d (19.5.2015):<\/p>\n<p><a href=\"http:\/\/www.glassrpske.com\/kultura\/vijesti\/Obogatiti-gradju-o-istoriji-Jevreja\/lat\/183527.html\">http:\/\/www.glassrpske.com\/kultura\/vijesti\/Obogatiti-gradju-o-istoriji-Jevreja\/lat\/183527.html<\/a><\/p>\n<p><strong>\u00a0<\/strong><\/p>\n<p><strong>Jevrejski glas:<\/strong><\/p>\n<p>Jakob, Finci (president of the Jewish Community of Bosnia and Herzegovina)\u201eIzlo\u017eba i knjiga koja nas se ti\u010de\u201c (April, 2015, p. 24)<\/p>\n<p>&nbsp;<\/p>\n<h2 style=\"text-align: center;\"><strong>TV<\/strong><\/h2>\n<p><strong>FACE TV:<\/strong><\/p>\n<p>Predstavljena knjiga &#8220;Tragovima na\u0161ih kom\u0161ija: Jevreji u BiH i holokaust&#8221; (1.4.2015.):<\/p>\n<p><a href=\"http:\/\/facetv.ba\/novost\/10097\/predstavljena-knjiga-tragovima-nasih-komsija-jevreji-u-bih-i-holokaust\">http:\/\/facetv.ba\/novost\/10097\/predstavljena-knjiga-tragovima-nasih-komsija-jevreji-u-bih-i-holokaust<\/a><\/p>\n<p>and<\/p>\n<p><a href=\"https:\/\/www.youtube.com\/watch?v=0dmklLcrcMk\">https:\/\/www.youtube.com\/watch?v=0dmklLcrcMk<\/a><\/p>\n<p>&nbsp;<\/p>\n<p>&nbsp;<\/p>\n<p><strong>BHRT:<\/strong><\/p>\n<p>&nbsp;<\/p>\n<p>SARAJEVO: MONOGRAFIJA \u201cTRAGOVIMA NA\u0160IH KOM\u0160IJA: JEVREJI U BIH I HOLOKAUST\u201d (30.3.2015):<\/p>\n<p><a href=\"http:\/\/www.bhrt.ba\/kultura\/knjiga\/sarajevo-predstavljena-monografija-tragovima-nasih-komsija-jevreji-u-bih-i-holokaust\/\">http:\/\/www.bhrt.ba\/kultura\/knjiga\/sarajevo-predstavljena-monografija-tragovima-nasih-komsija-jevreji-u-bih-i-holokaust\/<\/a><\/p>\n<p>&nbsp;<\/p>\n<p><strong>RTRS:<\/strong><\/p>\n<p>Book presentation (18.5.2015):<\/p>\n<p><a href=\"http:\/\/lat.rtrs.tv\/vijesti\/vijest.php?id=150350\">http:\/\/lat.rtrs.tv\/vijesti\/vijest.php?id=150350<\/a><\/p>\n<p>&nbsp;<\/p>\n<p>&nbsp;<\/p>\n<p><strong>RTVTK:<\/strong><\/p>\n<p><strong>\u00a0<\/strong><\/p>\n<p>\u201cPutokaz\u201d (07_10_2014.):<\/p>\n<p><iframe  id=\"_ytid_68184\" width=\"1080\" height=\"608\" src=\"https:\/\/www.youtube.com\/embed\/4vn6hTLRljI?enablejsapi=1&#038;autoplay=0&#038;cc_load_policy=0&#038;iv_load_policy=1&#038;loop=0&#038;modestbranding=0&#038;rel=1&#038;showinfo=1&#038;playsinline=0&#038;autohide=2&#038;theme=dark&#038;color=red&#038;wmode=opaque&#038;vq=&#038;controls=2&#038;\" frameborder=\"0\" class=\"__youtube_prefs__\" allowfullscreen ><\/iframe><\/p>\n<p>\u201cPutokaz\u201d \u00a0(21_04_2015.):<\/p>\n<p><a href=\"http:\/\/www.rtvtk.ba\/v2\/tk-info\/obrazovanje\">http:\/\/www.rtvtk.ba\/v2\/tk-info\/obrazovanje<\/a><\/p>\n<p>&nbsp;<\/p>\n<p>&nbsp;<\/p>\n<h2 style=\"text-align: center;\"><strong>Internet portali<\/strong><\/h2>\n<p><strong>Vijesti.ba<\/strong><\/p>\n<p>About the photo-exhibition (19.3.2015.):<\/p>\n<p><a href=\"http:\/\/www.vijesti.ba\/vijesti\/bih\/263959-Otvorena-izlozba-Izgubljeno-holokaustu-Jevrejski-komsiluk-BiH.html\">http:\/\/www.vijesti.ba\/vijesti\/bih\/263959-Otvorena-izlozba-Izgubljeno-holokaustu-Jevrejski-komsiluk-BiH.html<\/a><strong>\u00a0<\/strong><\/p>\n<p><strong>\u00a0<\/strong><\/p>\n<p><strong>Klix.ba<\/strong><\/p>\n<p><strong>\u00a0<\/strong><\/p>\n<p>About the photo-exhibition (19.3.2015.):<\/p>\n<p><a href=\"http:\/\/www.klix.ba\/vijesti\/kultura\/otvorena-izlozba-izgubljeno-u-holokaustu-jevrejski-komsiluk-u-bih\/150319132#8\">http:\/\/www.klix.ba\/vijesti\/kultura\/otvorena-izlozba-izgubljeno-u-holokaustu-jevrejski-komsiluk-u-bih\/150319132#8<\/a><\/p>\n<p><strong>\u00a0<\/strong><\/p>\n<p>Monografija o Jevrejima od dolaska u BiH do holokausta predstavljena u Sarajevu (30.3.2015.): <a href=\"http:\/\/www.klix.ba\/vijesti\/bih\/monografija-o-jevrejima-od-dolaska-u-bih-do-holokausta-predstavljena-u-sarajevu\/150330142\">http:\/\/www.klix.ba\/vijesti\/bih\/monografija-o-jevrejima-od-dolaska-u-bih-do-holokausta-predstavljena-u-sarajevu\/150330142<\/a><\/p>\n<p>&nbsp;<\/p>\n<p><strong>Sarajevo Times<\/strong><\/p>\n<p>A Monography on the Jews from the Arrival in B&amp;H to the Holocaust Presented in Sarajevo (31.3.2015.):<\/p>\n<p><a href=\"http:\/\/www.sarajevotimes.com\/monography-jews-arrival-bh-holocaust-presented-sarajevo\/\">http:\/\/www.sarajevotimes.com\/monography-jews-arrival-bh-holocaust-presented-sarajevo\/<\/a><\/p>\n<p><strong>\u00a0<\/strong><\/p>\n<p><strong>Tuzlarije<\/strong><\/p>\n<p>Najava promocije knjige: &#8220;Tragovima na\u0161ih kom\u0161ija: Jevreji u Bosni i Hercegovini i holokaust&#8221; (30.3.2015):<\/p>\n<p><a href=\"http:\/\/bhstring.net\/tuzlauslikama\/tuzlarije\/viewnewnews.php?id=62864\">http:\/\/bhstring.net\/tuzlauslikama\/tuzlarije\/viewnewnews.php?id=62864<\/a><\/p>\n<p>&nbsp;<\/p>\n<p>Odr\u017eana promocija knjige &#8220;Tragovima na\u0161ih kom\u0161ija: Jevreji u Bosni i Hercegovini i holokaust&#8221; (1.4.2015):<\/p>\n<p><a href=\"http:\/\/bhstring.net\/tuzlauslikama\/tuzlarije\/viewnewnews.php?id=62909\">http:\/\/bhstring.net\/tuzlauslikama\/tuzlarije\/viewnewnews.php?id=62909<\/a><\/p>\n<p>&nbsp;<\/p>\n<p><strong>Historiografija.hr <\/strong><br \/>\nPredstavljena knjiga &#8220;Tragovima na\u0161ih kom\u0161ija: Jevreji u Bosni i Hercegovini i holokaust&#8221; (13.4.2015):<\/p>\n<p><a href=\"http:\/\/www.historiografija.hr\/news.php?id=1718\">http:\/\/www.historiografija.hr\/news.php?id=1718<\/a><\/p>\n<p><strong>Prometej.ba<\/strong><\/p>\n<p>\u0160akanovi\u0107, Dino: \u201cDa li se mogao dati otkaz u logoru Auschwitzu ili odbiti streljati Jevreje?\u201d (11.12.2014), article written by the elective course student Dino \u0160akanovi\u0107 regarding the topic and the professors within the course:<\/p>\n<p><a href=\"http:\/\/www.prometej.ba\/clanak\/vijesti\/da-li-se-mogao-dati-otkaz-u-logoru-auschwitzu-ili-odbiti-streljati-jevreje-1810\">http:\/\/www.prometej.ba\/clanak\/vijesti\/da-li-se-mogao-dati-otkaz-u-logoru-auschwitzu-ili-odbiti-streljati-jevreje-1810<\/a><\/p>\n<p><strong>\u00a0<\/strong><\/p>\n<p><strong>Novo Vrijeme.ba<\/strong><\/p>\n<p>Sarajevo: Promovirana monografija o Jevrejima (30.3.2015):<\/p>\n<p><a href=\"http:\/\/novovrijeme.ba\/sarajevo-promovirana-monografija-o-jevrejima\/\">http:\/\/novovrijeme.ba\/sarajevo-promovirana-monografija-o-jevrejima\/<\/a><\/p>\n<p>&nbsp;<\/p>\n<p><strong>Aktualno.ba<\/strong><\/p>\n<p>Najava promocije knjige: \u201eTragovima na\u0161ih kom\u0161ija: Jevreji u Bosni i Hercegovini i holokaust\u201c (30.3.2015):<\/p>\n<p><a href=\"http:\/\/aktuelno.ba\/info\/najava-promocije-knjige-tragovima-nasih-komsija-jevreji-u-bosni-i-hercegovini-i-holokaust\/\">http:\/\/aktuelno.ba\/info\/najava-promocije-knjige-tragovima-nasih-komsija-jevreji-u-bosni-i-hercegovini-i-holokaust\/#<\/a><\/p>\n<p><strong>\u00a0<\/strong><\/p>\n<p><strong>Vesti.rs<\/strong><\/p>\n<p>Info about book presentation in Banja Luka (18.5.2015):<\/p>\n<p><a href=\"http:\/\/www.vesti.rs\/Gr%C4%8Dka\/Najava-dogadjaja-za-18-maj-2015-godine.html\">http:\/\/www.vesti.rs\/Gr%C4%8Dka\/Najava-dogadjaja-za-18-maj-2015-godine.html<\/a><\/p>\n<p>&nbsp;<\/p>\n<p><strong>Kameleon.ba<\/strong><\/p>\n<p>NAJAVA: &#8220;TRAGOVIMA NA\u0160IH KOM\u0160IJA: JEVREJI U BOSNI I HERCEGOVINI I HOLOKAUST&#8221; (31.3.2015): <a href=\"http:\/\/www.kameleon.ba\/index.php\/lifestyle\/NAJAVA-Tragovima-nasih-komsija-Jevreji-u-Bosni-i-Hercegovini-i-holokaust\">http:\/\/www.kameleon.ba\/index.php\/lifestyle\/NAJAVA-Tragovima-nasih-komsija-Jevreji-u-Bosni-i-Hercegovini-i-holokaust<\/a><\/p>\n<p>&nbsp;<\/p>\n<p>&nbsp;<\/p>\n<h2 style=\"text-align: center;\"><strong><u>Partneri projekta<\/u><\/strong><\/h2>\n<p><strong>Institut za istoriju, Sarajevo<\/strong><\/p>\n<p>Book presentation in Sarajevo, information (March, 2015):<\/p>\n<p><a href=\"http:\/\/www.iis.unsa.ba\/vijesti\/arhiva_vijesti_2015.html\">http:\/\/www.iis.unsa.ba\/vijesti\/arhiva_vijesti_2015.html<\/a><\/p>\n<p>Book presentation in Sarajevo (full online, youtube, 30.3.2015.): <a href=\"https:\/\/www.youtube.com\/watch?v=rBOBn1hNK2s\">https:\/\/www.youtube.com\/watch?v=rBOBn1hNK2s<\/a><\/p>\n<p>&nbsp;<\/p>\n<p><strong>Arhiv Tuzlanskog kantona<\/strong><\/p>\n<p>Book presentation in Banja Luka (18.5.2015.):<\/p>\n<p><a href=\"http:\/\/www.arhivtk.ba\/?p=858\">http:\/\/www.arhivtk.ba\/?p=858<\/a><\/p>\n<p>and<\/p>\n<p><a href=\"https:\/\/www.facebook.com\/media\/set\/?set=a.657180037647568.1073741855.498899366808970&amp;type=3\">https:\/\/www.facebook.com\/media\/set\/?set=a.657180037647568.1073741855.498899366808970&amp;type=3<\/a><\/p>\n<p>&nbsp;<\/p>\n<p>&nbsp;<\/p>\n<p><strong>Univerzitet u Tuzli, Filozofski fakultet<\/strong><\/p>\n<p>Mostovi kulture austrijskih i bosanskohercegova\u010dkih institucija: &#8220;Tragovima na\u0161ih kom\u0161ija: Jevreji u Bosni i Hercegovini i holokaust\u201c (20.12.2013):<\/p>\n<p><a href=\"http:\/\/www.untz.ba\/index.php?page=mostovi-kulture-austrijskih-i-bosanskohercegovackih-institucija-tragovima-nasih-komsija-jevreji-u-bosni-i-hercegovini-i-holokaust\">http:\/\/www.untz.ba\/index.php?page=mostovi-kulture-austrijskih-i-bosanskohercegovackih-institucija-tragovima-nasih-komsija-jevreji-u-bosni-i-hercegovini-i-holokaust<\/a><\/p>\n<p>&nbsp;<\/p>\n<p><strong>Dru\u0161tvo arhivskih zaposlenika Tuzlanskog kantona<\/strong><\/p>\n<p>Project partners meeting in December 2013 (9.12.2013.):<\/p>\n<p><a href=\"http:\/\/daz.arhivtk.com.ba\/\">http:\/\/daz.arhivtk.com.ba\/<\/a><\/p>\n<p>&nbsp;<\/p>\n<p><strong><u>Project friends \/ Prijatelji projekta<\/u><\/strong><\/p>\n<p><strong>Narodna i univerzitetska biblioteka \u201eDervi\u0161 Su\u0161i\u0107\u201c, Tuzla<\/strong><\/p>\n<p>Odr\u017eana promocija knjige \u201eTragovima na\u0161ih kom\u0161ija: Jevreji u Bosni i Hercegovini i holokaust\u201c (1.4.2015):<\/p>\n<p><a href=\"http:\/\/www.nubt.ba\/index.php?option=com_content&amp;view=article&amp;id=1727:odrzana-promocija-knjige-tragovima-nasih-komsija-jevreji-u-bosni-i-hercegovini-i-holokaust&amp;catid=1:latest-news\">http:\/\/www.nubt.ba\/index.php?option=com_content&amp;view=article&amp;id=1727:odrzana-promocija-knjige-tragovima-nasih-komsija-jevreji-u-bosni-i-hercegovini-i-holokaust&amp;catid=1:latest-news<\/a><\/p>\n<p><strong>\u00a0<\/strong><\/p>\n<p><strong>University of Sarajevo<\/strong><\/p>\n<p>Promocija knjige \u201eTragovima na\u0161ih kom\u0161ija: Jevreji u Bosni i Hercegovini i holokaust&#8221;:<\/p>\n<p><a href=\"http:\/\/unsa.ba\/s\/index.php?option=com_content&amp;task=view&amp;id=2244\">http:\/\/unsa.ba\/s\/index.php?option=com_content&amp;task=view&amp;id=2244<\/a><\/p>\n<p><strong>\u00a0<\/strong><\/p>\n<p><strong>CENDO (The Research and Documentation Center for Holocaust victims and survivors), Zagreb<\/strong><\/p>\n<p>Visit to CENDO and meeting with the directos Dr. Melita \u0160vob (21.1.2014):<\/p>\n<p><a href=\"http:\/\/www.cendo.hr\/Novosti.aspx?id=2684&amp;a=0&amp;title=posjeta-cendu\">http:\/\/www.cendo.hr\/Novosti.aspx?id=2684&amp;a=0&amp;title=posjeta-cendu<\/a><br \/>\n&#8220;Posjet CENDO-u povodom izlaska knjige &#8220;Tragovima na\u0161ih kom\u0161ija&#8230;&#8221; (25.7.2015.)<\/p>\n<p><a href=\"http:\/\/www.cendo.hr\/Novosti.aspx?id=3333&amp;title=tragovima-nasih-komsija\">http:\/\/www.cendo.hr\/Novosti.aspx?id=3333&amp;title=tragovima-nasih-komsija<\/a><\/p>\n<p>&nbsp;<\/p>\n<p><strong>Goethe institut, Zagreb<\/strong><\/p>\n<p><a href=\"http:\/\/www.goethe.de\/ins\/hr\/prj\/dpl\/ver\/hr13450445v.htm\">http:\/\/www.goethe.de\/ins\/hr\/prj\/dpl\/ver\/hr13450445v.htm<\/a> (November, 2015)<\/p>\n<p><a href=\"https:\/\/www.facebook.com\/dvostrukiteret.doppeltelast?filter=3\">https:\/\/www.facebook.com\/dvostrukiteret.doppeltelast?filter=3<\/a>\u00a0 (24.7.2015)<\/p>\n<p><strong>\u00a0<\/strong><\/p>\n<p><strong>Arhiv Republike Srpske<\/strong><\/p>\n<p>\u041f\u0440\u043e\u043c\u043e\u0446\u0438\u0458\u0430 \u043a\u045a\u0438\u0433\u0435 &#8221;\u0422\u0440\u0430\u0433\u043e\u0432\u0438\u043c\u0430 \u043d\u0430\u0448\u0438\u0445 \u043a\u043e\u043c\u0448\u0438\u0458\u0430: \u0408\u0435\u0432\u0440\u0435\u0458\u0438 \u0443 \u0411\u043e\u0441\u043d\u0438 \u0438 \u0425\u0435\u0440\u0446\u0435\u0433\u043e\u0432\u0438\u043d\u0438 \u0438 \u0445\u043e\u043b\u043e\u043a\u0430\u0443\u0441\u0442&#8221; (May, 2015):<\/p>\n<p><a href=\"http:\/\/www.arhivrs.org\/Doc.aspx?cat=2&amp;subcat=17&amp;id=185&amp;lang=cir&amp;tekst=245\">http:\/\/www.arhivrs.org\/Doc.aspx?cat=2&amp;subcat=17&amp;id=185&amp;lang=cir&amp;tekst=245<\/a><\/p>\n<p>&nbsp;<\/p>\n<p><strong>Kladanj<\/strong><\/p>\n<p><strong>Promocija knjige maj 2015:<\/strong><\/p>\n<p><a href=\"http:\/\/www.kladanj.ba\/pocelo-obiljeavanje-dana-opcine-kladanj?searched=tragovima&amp;highlight=ajaxSearch_highlight+ajaxSearch_highlight1\">http:\/\/www.kladanj.ba\/pocelo-obiljeavanje-dana-opcine-kladanj?searched=tragovima&amp;highlight=ajaxSearch_highlight+ajaxSearch_highlight1<\/a><\/p>\n<p>&nbsp;<\/p>\n<p>&nbsp;<\/p>\n<p>&nbsp;<\/p>\n","protected":false},"excerpt":{"rendered":"<p>&nbsp; Novine Oslobo\u0111enje\u00a0 &#8211;\u00a0 Tajna sarajevskog dimnjaka (3.10.2014.): http:\/\/www.oslobodjenje.ba\/pogledi\/tajna-sarajevskog-dimnjaka &nbsp; Oslobo\u0111enje i FENA (Federal newspaper agency) (19.3.2015): http:\/\/www.oslobodjenje.ba\/kun\/otvorena-izlozba-izgubljeno-u-holokaustu-jevrejski-komsiluk-u-bih \u00a0 &#8211; &nbsp; Edina, Kamenica \u201cJevreji u BiH i holokaust: Zanko Gaon nije do\u010dekao vijest iz Sarajeva, njegov sin Michael jeste\u201d (30.3.2015): http:\/\/www.oslobodjenje.ba\/pogledi\/jevreji-u-bih-i-holokaust-zanko-gaon-nije-docekao-vijest-iz-sarajeva-njegov-sin-michael-jeste &nbsp; Edina, Kamenica \u201cTragovima na\u0161ih kom\u0161ija&#8230; odlazi u svijet: Anisa i Rifet, nova &#8216;generacija [&hellip;]<\/p>\n","protected":false},"author":1,"featured_media":0,"parent":0,"menu_order":0,"comment_status":"open","ping_status":"open","template":"","meta":[],"_links":{"self":[{"href":"http:\/\/www.jewsinbosnia.eu\/bhs\/wp-json\/wp\/v2\/pages\/101"}],"collection":[{"href":"http:\/\/www.jewsinbosnia.eu\/bhs\/wp-json\/wp\/v2\/pages"}],"about":[{"href":"http:\/\/www.jewsinbosnia.eu\/bhs\/wp-json\/wp\/v2\/types\/page"}],"author":[{"embeddable":true,"href":"http:\/\/www.jewsinbosnia.eu\/bhs\/wp-json\/wp\/v2\/users\/1"}],"replies":[{"embeddable":true,"href":"http:\/\/www.jewsinbosnia.eu\/bhs\/wp-json\/wp\/v2\/comments?post=101"}],"version-history":[{"count":7,"href":"http:\/\/www.jewsinbosnia.eu\/bhs\/wp-json\/wp\/v2\/pages\/101\/revisions"}],"predecessor-version":[{"id":183,"href":"http:\/\/www.jewsinbosnia.eu\/bhs\/wp-json\/wp\/v2\/pages\/101\/revisions\/183"}],"wp:attachment":[{"href":"http:\/\/www.jewsinbosnia.eu\/bhs\/wp-json\/wp\/v2\/media?parent=101"}],"curies":[{"name":"wp","href":"https:\/\/api.w.org\/{rel}","templated":true}]}}